{"id":10417,"date":"2021-05-28T12:48:26","date_gmt":"2021-05-28T10:48:26","guid":{"rendered":"https:\/\/tzurigueta.com\/a-propos\/"},"modified":"2023-06-22T09:42:10","modified_gmt":"2023-06-22T07:42:10","slug":"a-propos","status":"publish","type":"page","link":"https:\/\/tzurigueta.com\/fr\/a-propos\/","title":{"rendered":"\u00c0 propos"},"content":{"rendered":"<div class=\"slider-wrapper relative\" id=\"slider-1393153907\" >\n    <div class=\"slider slider-nav-circle slider-nav-large slider-nav-light slider-style-normal\"\n        data-flickity-options='{\n            \"cellAlign\": \"center\",\n            \"imagesLoaded\": true,\n            \"lazyLoad\": 1,\n            \"freeScroll\": false,\n            \"wrapAround\": true,\n            \"autoPlay\": 2500,\n            \"pauseAutoPlayOnHover\" : true,\n            \"prevNextButtons\": true,\n            \"contain\" : true,\n            \"adaptiveHeight\" : true,\n            \"dragThreshold\" : 10,\n            \"percentPosition\": true,\n            \"pageDots\": true,\n            \"rightToLeft\": false,\n            \"draggable\": true,\n            \"selectedAttraction\": 0.1,\n            \"parallax\" : 0,\n            \"friction\": 0.6        }'\n        >\n        \n\n  <div class=\"banner has-hover has-parallax\" id=\"banner-1079204165\">\n          <div class=\"banner-inner fill\">\n        <div class=\"banner-bg fill\" data-parallax=\"-3\" data-parallax-container=\".banner\" data-parallax-background>\n            <img decoding=\"async\" width=\"1020\" height=\"603\" src=\"https:\/\/tzurigueta.com\/wp-content\/uploads\/2021\/05\/FG_TzuriGueta-12-distorted-1.jpg\" class=\"bg attachment-large size-large\" alt=\"\" \/>                                    \n                    <\/div>\n\t\t\n        <div class=\"banner-layers container\">\n            <div class=\"fill banner-link\"><\/div>            \n   <div id=\"text-box-94043315\" class=\"text-box banner-layer x20 md-x15 lg-x15 y75 md-y80 lg-y80 res-text\">\n                                <div class=\"text-box-content text dark\">\n              \n              <div class=\"text-inner text-center\">\n                  \n<h1 class=\"lead\">\u00c0 propos du cr\u00e9ateur<\/h1>\n              <\/div>\n           <\/div>\n                            \n<style>\n#text-box-94043315 {\n  width: 60%;\n}\n#text-box-94043315 .text-box-content {\n  font-size: 100%;\n}\n<\/style>\n    <\/div>\n \n        <\/div>\n      <\/div>\n\n            \n<style>\n#banner-1079204165 {\n  padding-top: 550px;\n}\n#banner-1079204165 .banner-bg img {\n  object-position: 26% 14%;\n}\n<\/style>\n  <\/div>\n\n\n\n  <div class=\"banner has-hover has-parallax\" id=\"banner-284429724\">\n          <div class=\"banner-inner fill\">\n        <div class=\"banner-bg fill\" data-parallax=\"-3\" data-parallax-container=\".banner\" data-parallax-background>\n            <img decoding=\"async\" width=\"1020\" height=\"322\" src=\"https:\/\/tzurigueta.com\/wp-content\/uploads\/2021\/06\/artisan-oeuvre-1900-600px-1400x442.jpg\" class=\"bg attachment-large size-large\" alt=\"\" \/>                                    \n                    <\/div>\n\t\t\n        <div class=\"banner-layers container\">\n            <div class=\"fill banner-link\"><\/div>            \n   <div id=\"text-box-1281329315\" class=\"text-box banner-layer x20 md-x15 lg-x15 y75 md-y80 lg-y80 res-text\">\n                                <div class=\"text-box-content text dark\">\n              \n              <div class=\"text-inner text-center\">\n                  \n<h1 class=\"lead\">\u00c0 propos du cr\u00e9ateur<\/h1>\n              <\/div>\n           <\/div>\n                            \n<style>\n#text-box-1281329315 {\n  width: 60%;\n}\n#text-box-1281329315 .text-box-content {\n  font-size: 100%;\n}\n<\/style>\n    <\/div>\n \n        <\/div>\n      <\/div>\n\n            \n<style>\n#banner-284429724 {\n  padding-top: 550px;\n}\n#banner-284429724 .banner-bg img {\n  object-position: 57% 40%;\n}\n<\/style>\n  <\/div>\n\n\n\n  <div class=\"banner has-hover has-parallax\" id=\"banner-1212032090\">\n          <div class=\"banner-inner fill\">\n        <div class=\"banner-bg fill\" data-parallax=\"-3\" data-parallax-container=\".banner\" data-parallax-background>\n            <img decoding=\"async\" width=\"1020\" height=\"322\" src=\"https:\/\/tzurigueta.com\/wp-content\/uploads\/2021\/06\/galerie-1900-600px-1400x442.jpg\" class=\"bg attachment-large size-large\" alt=\"boutique\" \/>                                    \n                    <\/div>\n\t\t\n        <div class=\"banner-layers container\">\n            <div class=\"fill banner-link\"><\/div>            \n   <div id=\"text-box-455946647\" class=\"text-box banner-layer x20 md-x15 lg-x15 y75 md-y80 lg-y80 res-text\">\n                                <div class=\"text-box-content text dark\">\n              \n              <div class=\"text-inner text-center\">\n                  \n<h1 class=\"lead\">\u00c0 propos du cr\u00e9ateur<\/h1>\n              <\/div>\n           <\/div>\n                            \n<style>\n#text-box-455946647 {\n  width: 60%;\n}\n#text-box-455946647 .text-box-content {\n  font-size: 100%;\n}\n<\/style>\n    <\/div>\n \n        <\/div>\n      <\/div>\n\n            \n<style>\n#banner-1212032090 {\n  padding-top: 550px;\n}\n#banner-1212032090 .banner-bg img {\n  object-position: 63% 46%;\n}\n<\/style>\n  <\/div>\n\n\n     <\/div>\n\n     <div class=\"loading-spin dark large centered\"><\/div>\n\n\t<\/div>\n\n\n<div class=\"row\"  id=\"row-1304046523\">\n\n\t<div id=\"col-214597185\" class=\"col medium-6 small-12 large-6\"  >\n\t\t\t\t<div class=\"col-inner\"  >\n\t\t\t\n\t\t\t\n<h2>TZURI GUETA<\/h2>\n<p>Tzuri Gueta a grandi pr\u00e8s du bord de mer en contact direct avec les \u00e9l\u00e9ments naturels, et ses cr\u00e9ations refl\u00e8tent ses racines. C&rsquo;est un monde de profondeurs oc\u00e9aniques oniriques et magiques, rempli de coraux, p\u00e9tales, bourgeons, corolles, lianes et plus encore.<\/p>\n<p>Apr\u00e8s avoir obtenu un dipl\u00f4me d&rsquo;ing\u00e9nieur textile au Shenkar College pr\u00e8s de Tel-Aviv, Gueta s&rsquo;installe \u00e0 Paris et travaille \u00e0 l&rsquo;agence Trend Union de Li Edelkoort. Il se concentre ensuite sur le design textile, alliant gestes traditionnels et techniques innovantes. Depuis pr\u00e8s de vingt ans, Tzuri Gueta collabore avec les grands noms de la Haute Couture tels que Jean Paul Gaultier, St\u00e9phane Rolland, Givenchy, Christian Dior, Balmain et Thierry Mugler pour cr\u00e9er des textiles et des accessoires \u00e0 la fronti\u00e8re de la sculpture.<\/p>\n<p>Dans sa qu\u00eate de mat\u00e9riaux, une rencontre va s&rsquo;av\u00e9rer particuli\u00e8rement d\u00e9terminante : le silicone, qui devient son mat\u00e9riau de pr\u00e9dilection. Cette r\u00e9sine, compos\u00e9e essentiellement de silice, poss\u00e8de des propri\u00e9t\u00e9s extraordinaires de solidit\u00e9 et de souplesse. En l&rsquo;associant \u00e0 des mati\u00e8res textiles ajour\u00e9es, Tzuri Gueta invente une technique sophistiqu\u00e9e qu&rsquo;il nomme la dentelle silicon\u00e9e, pour laquelle il d\u00e9posera un brevet. Les mati\u00e8res uniques qu&rsquo;il a d\u00e9velopp\u00e9es gr\u00e2ce \u00e0 cette technique sont fluides et myst\u00e9rieuses, et beaucoup sont interloqu\u00e9s, car ce qu&rsquo;ils voient est en contradiction avec la sensation de l&rsquo;objet au toucher.<\/p>\n\t\t<\/div>\n\t\t\t\t\t<\/div>\n\n\t\n\n\t<div id=\"col-1517572354\" class=\"col medium-6 small-12 large-6\"  >\n\t\t\t\t<div class=\"col-inner\"  >\n\t\t\t\n\t\t\t\n<h2>D\u00e9couvrez la technique artisanale de Tzuri Gueta<\/h2>\n<div class=\"video video-fit mb\" style=\"padding-top:56.25%;\"><p><iframe loading=\"lazy\" title=\"Dans l&#039;atelier de Tzuri Gueta - Paris\" width=\"1020\" height=\"574\" src=\"https:\/\/www.youtube.com\/embed\/jHZPY4LwNDU?feature=oembed\" frameborder=\"0\" allow=\"accelerometer; autoplay; clipboard-write; encrypted-media; gyroscope; picture-in-picture; web-share\" allowfullscreen><\/iframe><\/p>\n<\/div>\n<p>\u00c0 l&rsquo;aide d&rsquo;un processus technologique complexe, Gueta injecte des substances polym\u00e8res qui traversent le tissu, cr\u00e9ant une abondance de textures diverses et color\u00e9es. La douceur et l&rsquo;\u00e9lasticit\u00e9 du silicone lui permettent de cr\u00e9er des environnements organiques et d&rsquo;innombrables textures qui imitent la nature. Une chose se fond dans l&rsquo;autre et grandit dans une harmonie po\u00e9tique, \u00e9manant d&rsquo;une combinaison \u00e9labor\u00e9e de volumes, de mati\u00e8res et de couleurs intenses allant du rouge vif au blanc nacr\u00e9 en passant par le translucide, le clair et l&rsquo;opaque.<\/p>\n<p>Les innombrables facettes de cette combinaison lui offrent un champ d&rsquo;exploration inattendu qui a d\u00e9but\u00e9 avec la cr\u00e9ation textile et l&rsquo;a conduit vers la joaillerie, les objets design et l&rsquo;art.<\/p>\n\t\t<\/div>\n\t\t\t\t\t<\/div>\n\n\t\n<\/div>\n\n\t<section class=\"section\" id=\"section_5531401\">\n\t\t<div class=\"section-bg fill\" >\n\t\t\t\t\t\t\t\t\t\n\t\t\t\n\t<div class=\"is-border\"\n\t\tstyle=\"border-color:rgb(235, 235, 235);border-width:1px 0px 0px 0px;\">\n\t<\/div>\n\n\t\t<\/div>\n\n\t\t\n\n\t\t<div class=\"section-content relative\">\n\t\t\t\n<div class=\"row\"  id=\"row-135554811\">\n\n\t<div id=\"col-1559549094\" class=\"col small-12 large-12\"  >\n\t\t\t\t<div class=\"col-inner\"  >\n\t\t\t\n\t\t\t\n<div class=\"container section-title-container\" ><h2 class=\"section-title section-title-center\"><b aria-hidden=\"true\"><\/b><span class=\"section-title-main\" >PRIX ET EXPOSITIONS<\/span><b aria-hidden=\"true\"><\/b><\/h2><\/div>\n\t\t<\/div>\n\t\t\t\t\t<\/div>\n\n\t\n\n\t<div id=\"col-1725777111\" class=\"col medium-6 small-12 large-6\"  >\n\t\t\t\t<div class=\"col-inner\"  >\n\t\t\t\n\t\t\t\n<h2>PRIX<\/h2>\n<h3>2012<\/h3>\n<p>R\u00e9compens\u00e9 du Prix Cr\u00e9ateur de la Fondation Ateliers d&rsquo;art de France.<\/p>\n<h3>2009<\/h3>\n<p>R\u00e9compens\u00e9 du Grand Prix de la Cr\u00e9ation par la Ville de Paris.<br \/>R\u00e9compens\u00e9 du prix Andrea M. Bronfman pour les arts (The Andy)<\/p>\n<h3>2006<\/h3>\n<p>Premier prix de la collection d&rsquo;accessoires la plus innovante et la plus cr\u00e9ative au salon Pitti Imagine \u00e0 Milan.<\/p>\n\t\t<\/div>\n\t\t\t\t\t<\/div>\n\n\t\n\n\t<div id=\"col-353393204\" class=\"col medium-6 small-12 large-6\"  >\n\t\t\t\t<div class=\"col-inner\"  >\n\t\t\t\n\t\t\t\n<h2>EXPOSITIONS PERSONNELLES<\/h2>\n<h3>2019<\/h3>\n<p>Nox Art Gallery \u2013 Tel Aviv<\/p>\n<h3>2017<\/h3>\n<p>Plateforme L \u2014 Galerie d&rsquo;art de S\u00e9oul<\/p>\n<h3>2013 &#8211; 2014<\/h3>\n<p>Exposition Noces V\u00e9g\u00e9tales au Mus\u00e9e d&rsquo;Histoire Naturelle, Paris<\/p>\n<h3>2010  <\/h3>\n<p>SI51, Mus\u00e9e d&rsquo;art moderne de Tel Aviv, Isra\u00ebl<\/p>\n\t\t<\/div>\n\t\t\t\t\t<\/div>\n\n\t\n<\/div>\n\t\t<\/div>\n\n\t\t\n<style>\n#section_5531401 {\n  padding-top: 60px;\n  padding-bottom: 60px;\n  min-height: 300px;\n  background-color: rgb(245, 245, 245);\n}\n<\/style>\n\t<\/section>\n\t\n","protected":false},"excerpt":{"rendered":"","protected":false},"author":52,"featured_media":0,"parent":0,"menu_order":0,"comment_status":"closed","ping_status":"closed","template":"page-blank.php","meta":{"footnotes":""},"class_list":["post-10417","page","type-page","status-publish","hentry"],"_links":{"self":[{"href":"https:\/\/tzurigueta.com\/fr\/wp-json\/wp\/v2\/pages\/10417","targetHints":{"allow":["GET"]}}],"collection":[{"href":"https:\/\/tzurigueta.com\/fr\/wp-json\/wp\/v2\/pages"}],"about":[{"href":"https:\/\/tzurigueta.com\/fr\/wp-json\/wp\/v2\/types\/page"}],"author":[{"embeddable":true,"href":"https:\/\/tzurigueta.com\/fr\/wp-json\/wp\/v2\/users\/52"}],"replies":[{"embeddable":true,"href":"https:\/\/tzurigueta.com\/fr\/wp-json\/wp\/v2\/comments?post=10417"}],"version-history":[{"count":0,"href":"https:\/\/tzurigueta.com\/fr\/wp-json\/wp\/v2\/pages\/10417\/revisions"}],"wp:attachment":[{"href":"https:\/\/tzurigueta.com\/fr\/wp-json\/wp\/v2\/media?parent=10417"}],"curies":[{"name":"wp","href":"https:\/\/api.w.org\/{rel}","templated":true}]}}