{"id":10202,"date":"2023-06-20T17:03:48","date_gmt":"2023-06-20T15:03:48","guid":{"rendered":"https:\/\/tzurigueta.com\/?post_type=product&#038;p=10202"},"modified":"2026-04-27T15:44:38","modified_gmt":"2026-04-27T13:44:38","slug":"broche-corail-or-ganic","status":"publish","type":"product","link":"https:\/\/tzurigueta.com\/fr\/produit\/broche-corail-or-ganic\/","title":{"rendered":"Broche Corail Or-Ganic"},"content":{"rendered":"<ul>\n<li>La fabrication manuelle implique potentiellement de l\u00e9g\u00e8res diff\u00e9rences entre les visuels pr\u00e9sent\u00e9s et le bijou livr\u00e9.<\/li>\n<li>Longueur approximative: 8cm<\/li>\n<li>Syst\u00e8me de fermeture: attache avec s\u00e9curit\u00e9 en Nickel Free<\/li>\n<li>Composition: 80% silicone et 20% viscose<\/li>\n<li>Made in France<\/li>\n<\/ul>\n","protected":false},"excerpt":{"rendered":"<p>Entre raffinement, \u00e9l\u00e9gance et po\u00e9sie, la collection OR-ganic nous propulse dans cet univers onirique qui fait l\u2019ADN de Tzuri Gueta<\/p>\n","protected":false},"featured_media":11849,"template":"","meta":[],"product_brand":[],"product_cat":[400,387],"product_tag":[],"class_list":{"0":"post-10202","1":"product","2":"type-product","3":"status-publish","4":"has-post-thumbnail","6":"product_cat-broches","7":"product_cat-organic-fr","9":"first","10":"instock","11":"taxable","12":"shipping-taxable","13":"purchasable","14":"product-type-variable"},"_links":{"self":[{"href":"https:\/\/tzurigueta.com\/fr\/wp-json\/wp\/v2\/product\/10202","targetHints":{"allow":["GET"]}}],"collection":[{"href":"https:\/\/tzurigueta.com\/fr\/wp-json\/wp\/v2\/product"}],"about":[{"href":"https:\/\/tzurigueta.com\/fr\/wp-json\/wp\/v2\/types\/product"}],"wp:featuredmedia":[{"embeddable":true,"href":"https:\/\/tzurigueta.com\/fr\/wp-json\/wp\/v2\/media\/11849"}],"wp:attachment":[{"href":"https:\/\/tzurigueta.com\/fr\/wp-json\/wp\/v2\/media?parent=10202"}],"wp:term":[{"taxonomy":"product_brand","embeddable":true,"href":"https:\/\/tzurigueta.com\/fr\/wp-json\/wp\/v2\/product_brand?post=10202"},{"taxonomy":"product_cat","embeddable":true,"href":"https:\/\/tzurigueta.com\/fr\/wp-json\/wp\/v2\/product_cat?post=10202"},{"taxonomy":"product_tag","embeddable":true,"href":"https:\/\/tzurigueta.com\/fr\/wp-json\/wp\/v2\/product_tag?post=10202"}],"curies":[{"name":"wp","href":"https:\/\/api.w.org\/{rel}","templated":true}]}}