{"id":10243,"date":"2023-06-20T17:26:53","date_gmt":"2023-06-20T15:26:53","guid":{"rendered":"https:\/\/tzurigueta.com\/?post_type=product&#038;p=10243"},"modified":"2026-04-27T15:45:13","modified_gmt":"2026-04-27T13:45:13","slug":"cravate-or-ganic","status":"publish","type":"product","link":"https:\/\/tzurigueta.com\/fr\/produit\/cravate-or-ganic\/","title":{"rendered":"Cravate Or-Ganic"},"content":{"rendered":"<ul>\n<li>La fabrication manuelle implique potentiellement de l\u00e9g\u00e8res diff\u00e9rences entre les visuels pr\u00e9sent\u00e9s et le bijou livr\u00e9.<\/li>\n<li>Longueur approximative: 50 cm<\/li>\n<li>Composition: 80% silicone et 20% textile<\/li>\n<li>Made in France<\/li>\n<\/ul>\n","protected":false},"excerpt":{"rendered":"<p>Entre raffinement, \u00e9l\u00e9gance et po\u00e9sie, la collection OR-ganic nous propulse dans cet univers onirique qui fait l\u2019ADN de Tzuri Gueta<\/p>\n","protected":false},"featured_media":10565,"template":"","meta":[],"product_brand":[],"product_cat":[387,398],"product_tag":[],"class_list":{"0":"post-10243","1":"product","2":"type-product","3":"status-publish","4":"has-post-thumbnail","6":"product_cat-organic-fr","7":"product_cat-pendentifs","9":"first","10":"instock","11":"taxable","12":"shipping-taxable","13":"purchasable","14":"product-type-variable"},"_links":{"self":[{"href":"https:\/\/tzurigueta.com\/fr\/wp-json\/wp\/v2\/product\/10243","targetHints":{"allow":["GET"]}}],"collection":[{"href":"https:\/\/tzurigueta.com\/fr\/wp-json\/wp\/v2\/product"}],"about":[{"href":"https:\/\/tzurigueta.com\/fr\/wp-json\/wp\/v2\/types\/product"}],"wp:featuredmedia":[{"embeddable":true,"href":"https:\/\/tzurigueta.com\/fr\/wp-json\/wp\/v2\/media\/10565"}],"wp:attachment":[{"href":"https:\/\/tzurigueta.com\/fr\/wp-json\/wp\/v2\/media?parent=10243"}],"wp:term":[{"taxonomy":"product_brand","embeddable":true,"href":"https:\/\/tzurigueta.com\/fr\/wp-json\/wp\/v2\/product_brand?post=10243"},{"taxonomy":"product_cat","embeddable":true,"href":"https:\/\/tzurigueta.com\/fr\/wp-json\/wp\/v2\/product_cat?post=10243"},{"taxonomy":"product_tag","embeddable":true,"href":"https:\/\/tzurigueta.com\/fr\/wp-json\/wp\/v2\/product_tag?post=10243"}],"curies":[{"name":"wp","href":"https:\/\/api.w.org\/{rel}","templated":true}]}}