{"id":15446,"date":"2023-10-30T15:39:10","date_gmt":"2023-10-30T14:39:10","guid":{"rendered":"https:\/\/tzurigueta.com\/?post_type=product&#038;p=15446"},"modified":"2026-04-27T15:37:13","modified_gmt":"2026-04-27T13:37:13","slug":"sautoir-commit","status":"publish","type":"product","link":"https:\/\/tzurigueta.com\/fr\/produit\/sautoir-commit\/","title":{"rendered":"Sautoir Commit"},"content":{"rendered":"<ul>\n<li>La fabrication manuelle implique potentiellement de l\u00e9g\u00e8res diff\u00e9rences entre les visuels pr\u00e9sent\u00e9s et le bijou livr\u00e9.<\/li>\n<li>Syst\u00e8me de fermeture : Aucun<\/li>\n<li>Composition: 80% silicone et 20% viscose<\/li>\n<li>Made in France<\/li>\n<\/ul>\n","protected":false},"excerpt":{"rendered":"<p>Dans sa nouvelle collection COMMITMENT, Tzuri Gueta explore l\u2019engagement sous toutes ses formes.<br \/>\nL\u2019engagement cr\u00e9e un lien, symbolis\u00e9 dans cette collection par la pr\u00e9sence du dor\u00e9.<\/p>\n","protected":false},"featured_media":15096,"template":"","meta":[],"product_brand":[],"product_cat":[666,348,399],"product_tag":[],"class_list":{"0":"post-15446","1":"product","2":"type-product","3":"status-publish","4":"has-post-thumbnail","6":"product_cat-commitment-fr","7":"product_cat-nouvelles-collections","8":"product_cat-tours-du-cou","10":"first","11":"instock","12":"taxable","13":"shipping-taxable","14":"purchasable","15":"product-type-variable"},"_links":{"self":[{"href":"https:\/\/tzurigueta.com\/fr\/wp-json\/wp\/v2\/product\/15446","targetHints":{"allow":["GET"]}}],"collection":[{"href":"https:\/\/tzurigueta.com\/fr\/wp-json\/wp\/v2\/product"}],"about":[{"href":"https:\/\/tzurigueta.com\/fr\/wp-json\/wp\/v2\/types\/product"}],"wp:featuredmedia":[{"embeddable":true,"href":"https:\/\/tzurigueta.com\/fr\/wp-json\/wp\/v2\/media\/15096"}],"wp:attachment":[{"href":"https:\/\/tzurigueta.com\/fr\/wp-json\/wp\/v2\/media?parent=15446"}],"wp:term":[{"taxonomy":"product_brand","embeddable":true,"href":"https:\/\/tzurigueta.com\/fr\/wp-json\/wp\/v2\/product_brand?post=15446"},{"taxonomy":"product_cat","embeddable":true,"href":"https:\/\/tzurigueta.com\/fr\/wp-json\/wp\/v2\/product_cat?post=15446"},{"taxonomy":"product_tag","embeddable":true,"href":"https:\/\/tzurigueta.com\/fr\/wp-json\/wp\/v2\/product_tag?post=15446"}],"curies":[{"name":"wp","href":"https:\/\/api.w.org\/{rel}","templated":true}]}}