{"id":15934,"date":"2023-11-07T15:27:25","date_gmt":"2023-11-07T14:27:25","guid":{"rendered":"https:\/\/tzurigueta.com\/?post_type=product&#038;p=15934"},"modified":"2026-04-27T15:32:19","modified_gmt":"2026-04-27T13:32:19","slug":"pendentif-grampao","status":"publish","type":"product","link":"https:\/\/tzurigueta.com\/fr\/produit\/pendentif-grampao\/","title":{"rendered":"Pendentif Grampao"},"content":{"rendered":"<ul>\n<li>La fabrication manuelle implique potentiellement de l\u00e9g\u00e8res diff\u00e9rences entre les visuels pr\u00e9sent\u00e9s et le bijou livr\u00e9.<\/li>\n<li>Syst\u00e8me de fermeture : Accroche<\/li>\n<li>Composition: 80% silicone et 20% viscose<\/li>\n<li>Made in France<\/li>\n<\/ul>\n","protected":false},"excerpt":{"rendered":"<p>Dans sa nouvelle collection COMMITMENT, Tzuri Gueta explore l\u2019engagement sous toutes ses formes.<\/p>\n","protected":false},"featured_media":15122,"template":"","meta":[],"product_brand":[],"product_cat":[666,348,398],"product_tag":[],"class_list":{"0":"post-15934","1":"product","2":"type-product","3":"status-publish","4":"has-post-thumbnail","6":"product_cat-commitment-fr","7":"product_cat-nouvelles-collections","8":"product_cat-pendentifs","10":"first","11":"instock","12":"taxable","13":"shipping-taxable","14":"purchasable","15":"product-type-variable"},"_links":{"self":[{"href":"https:\/\/tzurigueta.com\/fr\/wp-json\/wp\/v2\/product\/15934","targetHints":{"allow":["GET"]}}],"collection":[{"href":"https:\/\/tzurigueta.com\/fr\/wp-json\/wp\/v2\/product"}],"about":[{"href":"https:\/\/tzurigueta.com\/fr\/wp-json\/wp\/v2\/types\/product"}],"wp:featuredmedia":[{"embeddable":true,"href":"https:\/\/tzurigueta.com\/fr\/wp-json\/wp\/v2\/media\/15122"}],"wp:attachment":[{"href":"https:\/\/tzurigueta.com\/fr\/wp-json\/wp\/v2\/media?parent=15934"}],"wp:term":[{"taxonomy":"product_brand","embeddable":true,"href":"https:\/\/tzurigueta.com\/fr\/wp-json\/wp\/v2\/product_brand?post=15934"},{"taxonomy":"product_cat","embeddable":true,"href":"https:\/\/tzurigueta.com\/fr\/wp-json\/wp\/v2\/product_cat?post=15934"},{"taxonomy":"product_tag","embeddable":true,"href":"https:\/\/tzurigueta.com\/fr\/wp-json\/wp\/v2\/product_tag?post=15934"}],"curies":[{"name":"wp","href":"https:\/\/api.w.org\/{rel}","templated":true}]}}