{"id":17637,"date":"2024-04-29T15:10:33","date_gmt":"2024-04-29T13:10:33","guid":{"rendered":"https:\/\/tzurigueta.com\/?post_type=product&#038;p=17637"},"modified":"2026-04-24T17:23:38","modified_gmt":"2026-04-24T15:23:38","slug":"tour-de-cou-striata-fleur-lilac-transparent","status":"publish","type":"product","link":"https:\/\/tzurigueta.com\/fr\/produit\/tour-de-cou-striata-fleur-lilac-transparent\/","title":{"rendered":"Striata Fleur Choker Lilas\/Transparent"},"content":{"rendered":"<ul>\n<li>Nos pi\u00e8ces \u00e9tant fabriqu\u00e9es \u00e0 la main, il peut y avoir de l\u00e9g\u00e8res diff\u00e9rences entre les visuels pr\u00e9sent\u00e9s ici et sur le bijou envoy\u00e9.<\/li>\n<li>Longueur approximative du diam\u00e8tre ext\u00e9rieur : La taille S est de 16 cm, la taille M est de 17,7 cm et la taille L est de 19,2 cm.<\/li>\n<li>Syst\u00e8me de fermeture : aimant<\/li>\n<li>Composition : Silicone 95%, Textile 5%<\/li>\n<li>Fabriqu\u00e9 \u00e0 la main \u00e0 Paris &#8211; France<\/li>\n<\/ul>\n","protected":false},"excerpt":{"rendered":"<p>STRIATA est la simplification de \u00ab\u00a0agave striata\u00a0\u00bb. On y trouve une accumulation, des points et des courbures qui \u00e9pousent ceux du corps humain. Ces bijoux nous rappellent un monde tribal, o\u00f9 la nature et l&rsquo;homme ne font qu&rsquo;un.<\/p>\n","protected":false},"featured_media":17508,"template":"","meta":[],"product_brand":[],"product_cat":[713,399],"product_tag":[],"class_list":{"0":"post-17637","1":"product","2":"type-product","3":"status-publish","4":"has-post-thumbnail","6":"product_cat-printemps-ete","7":"product_cat-tours-du-cou","9":"first","10":"instock","11":"taxable","12":"shipping-taxable","13":"purchasable","14":"product-type-variable","15":"has-default-attributes"},"_links":{"self":[{"href":"https:\/\/tzurigueta.com\/fr\/wp-json\/wp\/v2\/product\/17637","targetHints":{"allow":["GET"]}}],"collection":[{"href":"https:\/\/tzurigueta.com\/fr\/wp-json\/wp\/v2\/product"}],"about":[{"href":"https:\/\/tzurigueta.com\/fr\/wp-json\/wp\/v2\/types\/product"}],"wp:featuredmedia":[{"embeddable":true,"href":"https:\/\/tzurigueta.com\/fr\/wp-json\/wp\/v2\/media\/17508"}],"wp:attachment":[{"href":"https:\/\/tzurigueta.com\/fr\/wp-json\/wp\/v2\/media?parent=17637"}],"wp:term":[{"taxonomy":"product_brand","embeddable":true,"href":"https:\/\/tzurigueta.com\/fr\/wp-json\/wp\/v2\/product_brand?post=17637"},{"taxonomy":"product_cat","embeddable":true,"href":"https:\/\/tzurigueta.com\/fr\/wp-json\/wp\/v2\/product_cat?post=17637"},{"taxonomy":"product_tag","embeddable":true,"href":"https:\/\/tzurigueta.com\/fr\/wp-json\/wp\/v2\/product_tag?post=17637"}],"curies":[{"name":"wp","href":"https:\/\/api.w.org\/{rel}","templated":true}]}}