{"id":17803,"date":"2024-04-29T17:16:05","date_gmt":"2024-04-29T15:16:05","guid":{"rendered":"https:\/\/tzurigueta.com\/?post_type=product&#038;p=17803"},"modified":"2024-04-29T17:20:53","modified_gmt":"2024-04-29T15:20:53","slug":"boucles-doreilles-oroya-fennel-nacre","status":"publish","type":"product","link":"https:\/\/tzurigueta.com\/fr\/produit\/boucles-doreilles-oroya-fennel-nacre\/","title":{"rendered":"Boucles d&rsquo;oreilles Oroya Fennel\/Nacre"},"content":{"rendered":"<ul>\n<li>La fabrication manuelle implique potentiellement de l\u00e9g\u00e8res diff\u00e9rences entre les visuels pr\u00e9sent\u00e9s et le bijou livr\u00e9.<\/li>\n<li>Longueur approximative: 3,5cm<\/li>\n<li>Type d\u2019accroche: crochet en argent 925<\/li>\n<li>Composition: Silicone 95%, Textile 5%<\/li>\n<li>Fait \u00e0 la main \u00e0 Paris \u2013 France<\/li>\n<\/ul>\n","protected":false},"excerpt":{"rendered":"<p>OROYA est la collection la plus mim\u00e9tique, o\u00f9 le cactus, tel que nous l&rsquo;imaginons dans notre inconscient universel, est identifiable avec ses piquants et son aspect sph\u00e9rique nous rappelant nos chers et tendres cactus domestiques.<\/p>\n","protected":false},"featured_media":17492,"template":"","meta":[],"product_brand":[],"product_cat":[22],"product_tag":[],"class_list":{"0":"post-17803","1":"product","2":"type-product","3":"status-publish","4":"has-post-thumbnail","6":"product_cat-necklaces","8":"first","9":"instock","10":"taxable","11":"shipping-taxable","12":"purchasable","13":"product-type-simple"},"_links":{"self":[{"href":"https:\/\/tzurigueta.com\/fr\/wp-json\/wp\/v2\/product\/17803","targetHints":{"allow":["GET"]}}],"collection":[{"href":"https:\/\/tzurigueta.com\/fr\/wp-json\/wp\/v2\/product"}],"about":[{"href":"https:\/\/tzurigueta.com\/fr\/wp-json\/wp\/v2\/types\/product"}],"wp:featuredmedia":[{"embeddable":true,"href":"https:\/\/tzurigueta.com\/fr\/wp-json\/wp\/v2\/media\/17492"}],"wp:attachment":[{"href":"https:\/\/tzurigueta.com\/fr\/wp-json\/wp\/v2\/media?parent=17803"}],"wp:term":[{"taxonomy":"product_brand","embeddable":true,"href":"https:\/\/tzurigueta.com\/fr\/wp-json\/wp\/v2\/product_brand?post=17803"},{"taxonomy":"product_cat","embeddable":true,"href":"https:\/\/tzurigueta.com\/fr\/wp-json\/wp\/v2\/product_cat?post=17803"},{"taxonomy":"product_tag","embeddable":true,"href":"https:\/\/tzurigueta.com\/fr\/wp-json\/wp\/v2\/product_tag?post=17803"}],"curies":[{"name":"wp","href":"https:\/\/api.w.org\/{rel}","templated":true}]}}