{"id":18827,"date":"2024-08-16T17:21:39","date_gmt":"2024-08-16T15:21:39","guid":{"rendered":"https:\/\/tzurigueta.com\/?post_type=product&#038;p=18827"},"modified":"2026-04-10T17:26:43","modified_gmt":"2026-04-10T15:26:43","slug":"anahme-thin-bracelet-baby-rose-blanc-rose-poudre-transparent","status":"publish","type":"product","link":"https:\/\/tzurigueta.com\/fr\/produit\/anahme-thin-bracelet-baby-rose-blanc-rose-poudre-transparent\/","title":{"rendered":"Bracelet fin Anahame"},"content":{"rendered":"<ul>\n<li>Nos pi\u00e8ces \u00e9tant fabriqu\u00e9es \u00e0 la main, il peut y avoir de l\u00e9g\u00e8res diff\u00e9rences entre les visuels pr\u00e9sent\u00e9s ici et sur le bijou envoy\u00e9.<\/li>\n<li>Longueur approximative : taille unique &#8211; Hauteur : 4cm<\/li>\n<li>Type de fermeture : Fil \u00e0 m\u00e9moire de forme<\/li>\n<li>Composition : 80% silicone et 20% viscose<\/li>\n<li>Fabriqu\u00e9 en France<\/li>\n<\/ul>\n","protected":false},"excerpt":{"rendered":"<p>Nos pi\u00e8ces \u00e9tant fabriqu\u00e9es \u00e0 la main, il peut y avoir de l\u00e9g\u00e8res diff\u00e9rences entre les visuels pr\u00e9sent\u00e9s ici et sur le bijou envoy\u00e9. Longueur approximative : taille unique &#8211; Hauteur : 4cm Type de fermeture : Fil \u00e0 m\u00e9moire de forme Composition : 80% silicone et 20% viscose Fabriqu\u00e9 en France<\/p>\n","protected":false},"featured_media":18807,"template":"","meta":[],"product_brand":[],"product_cat":[381,333,713],"product_tag":[],"class_list":{"0":"post-18827","1":"product","2":"type-product","3":"status-publish","4":"has-post-thumbnail","6":"product_cat-anahme-fr","7":"product_cat-bracelets-fr","8":"product_cat-printemps-ete","10":"first","11":"instock","12":"taxable","13":"shipping-taxable","14":"purchasable","15":"product-type-variable","16":"has-default-attributes"},"_links":{"self":[{"href":"https:\/\/tzurigueta.com\/fr\/wp-json\/wp\/v2\/product\/18827","targetHints":{"allow":["GET"]}}],"collection":[{"href":"https:\/\/tzurigueta.com\/fr\/wp-json\/wp\/v2\/product"}],"about":[{"href":"https:\/\/tzurigueta.com\/fr\/wp-json\/wp\/v2\/types\/product"}],"wp:featuredmedia":[{"embeddable":true,"href":"https:\/\/tzurigueta.com\/fr\/wp-json\/wp\/v2\/media\/18807"}],"wp:attachment":[{"href":"https:\/\/tzurigueta.com\/fr\/wp-json\/wp\/v2\/media?parent=18827"}],"wp:term":[{"taxonomy":"product_brand","embeddable":true,"href":"https:\/\/tzurigueta.com\/fr\/wp-json\/wp\/v2\/product_brand?post=18827"},{"taxonomy":"product_cat","embeddable":true,"href":"https:\/\/tzurigueta.com\/fr\/wp-json\/wp\/v2\/product_cat?post=18827"},{"taxonomy":"product_tag","embeddable":true,"href":"https:\/\/tzurigueta.com\/fr\/wp-json\/wp\/v2\/product_tag?post=18827"}],"curies":[{"name":"wp","href":"https:\/\/api.w.org\/{rel}","templated":true}]}}