{"id":19222,"date":"2024-08-27T16:15:44","date_gmt":"2024-08-27T14:15:44","guid":{"rendered":"https:\/\/tzurigueta.com\/?post_type=product&#038;p=19222"},"modified":"2024-08-27T16:19:28","modified_gmt":"2024-08-27T14:19:28","slug":"broche-piece-unique-blanche","status":"publish","type":"product","link":"https:\/\/tzurigueta.com\/fr\/produit\/broche-piece-unique-blanche\/","title":{"rendered":"Broche Pi\u00e9ce unique Blanche"},"content":{"rendered":"<ul>\n<li style=\"list-style-type: none\">\n<ul>\n<li>La fabrication manuelle implique potentiellement de l\u00e9g\u00e8res diff\u00e9rences entre les visuels pr\u00e9sent\u00e9s et le bijou livr\u00e9.<\/li>\n<li>Syst\u00e8me de fermeture: attache avec s\u00e9curit\u00e9 en Nickel Free<\/li>\n<li>Composition: 80% silicone et 20% viscose<\/li>\n<li>Made in France<\/li>\n<\/ul>\n<\/li>\n<\/ul>\n<p>Les bijoux en fin de s\u00e9rie peuvent pr\u00e9senter de l\u00e9gers d\u00e9fauts ou ne pas r\u00e9pondre aux normes habituelles de nos cr\u00e9ations, ce qui explique leur classification en fin de s\u00e9rie.<\/p>\n","protected":false},"excerpt":{"rendered":"<p>La fabrication manuelle implique potentiellement de l\u00e9g\u00e8res diff\u00e9rences entre les visuels pr\u00e9sent\u00e9s et le bijou livr\u00e9. Syst\u00e8me de fermeture: attache avec s\u00e9curit\u00e9 en Nickel Free Composition: 80% silicone et 20% viscose Made in France Les bijoux en fin de s\u00e9rie peuvent pr\u00e9senter de l\u00e9gers d\u00e9fauts ou ne pas r\u00e9pondre aux normes habituelles de nos cr\u00e9ations, [&#8230;]\n","protected":false},"featured_media":19070,"template":"","meta":[],"product_brand":[],"product_cat":[634,587],"product_tag":[],"class_list":{"0":"post-19222","1":"product","2":"type-product","3":"status-publish","4":"has-post-thumbnail","6":"product_cat-bijoux","7":"product_cat-fin-de-serie","9":"first","10":"instock","11":"sale","12":"taxable","13":"shipping-taxable","14":"purchasable","15":"product-type-simple"},"_links":{"self":[{"href":"https:\/\/tzurigueta.com\/fr\/wp-json\/wp\/v2\/product\/19222","targetHints":{"allow":["GET"]}}],"collection":[{"href":"https:\/\/tzurigueta.com\/fr\/wp-json\/wp\/v2\/product"}],"about":[{"href":"https:\/\/tzurigueta.com\/fr\/wp-json\/wp\/v2\/types\/product"}],"wp:featuredmedia":[{"embeddable":true,"href":"https:\/\/tzurigueta.com\/fr\/wp-json\/wp\/v2\/media\/19070"}],"wp:attachment":[{"href":"https:\/\/tzurigueta.com\/fr\/wp-json\/wp\/v2\/media?parent=19222"}],"wp:term":[{"taxonomy":"product_brand","embeddable":true,"href":"https:\/\/tzurigueta.com\/fr\/wp-json\/wp\/v2\/product_brand?post=19222"},{"taxonomy":"product_cat","embeddable":true,"href":"https:\/\/tzurigueta.com\/fr\/wp-json\/wp\/v2\/product_cat?post=19222"},{"taxonomy":"product_tag","embeddable":true,"href":"https:\/\/tzurigueta.com\/fr\/wp-json\/wp\/v2\/product_tag?post=19222"}],"curies":[{"name":"wp","href":"https:\/\/api.w.org\/{rel}","templated":true}]}}