{"id":19236,"date":"2024-08-27T17:04:11","date_gmt":"2024-08-27T15:04:11","guid":{"rendered":"https:\/\/tzurigueta.com\/?post_type=product&#038;p=19236"},"modified":"2024-08-27T17:06:40","modified_gmt":"2024-08-27T15:06:40","slug":"pendentif-hippocampe-black-red","status":"publish","type":"product","link":"https:\/\/tzurigueta.com\/fr\/produit\/pendentif-hippocampe-black-red\/","title":{"rendered":"Pendentif Hippocampe Black\/Red"},"content":{"rendered":"<ul>\n<li>La fabrication manuelle implique potentiellement de l\u00e9g\u00e8res diff\u00e9rences entre les visuels pr\u00e9sent\u00e9s et le bijou livr\u00e9.<\/li>\n<li>Syst\u00e8me de fermeture : Ajustable<\/li>\n<li>Composition: 80% silicone et 20% viscose<\/li>\n<li>Made in France<\/li>\n<\/ul>\n","protected":false},"excerpt":{"rendered":"<p>La fabrication manuelle implique potentiellement de l\u00e9g\u00e8res diff\u00e9rences entre les visuels pr\u00e9sent\u00e9s et le bijou livr\u00e9. Syst\u00e8me de fermeture : Ajustable Composition: 80% silicone et 20% viscose Made in France<\/p>\n","protected":false},"featured_media":19076,"template":"","meta":[],"product_brand":[],"product_cat":[634,587],"product_tag":[],"class_list":{"0":"post-19236","1":"product","2":"type-product","3":"status-publish","4":"has-post-thumbnail","6":"product_cat-bijoux","7":"product_cat-fin-de-serie","9":"first","10":"instock","11":"sale","12":"taxable","13":"shipping-taxable","14":"purchasable","15":"product-type-simple"},"_links":{"self":[{"href":"https:\/\/tzurigueta.com\/fr\/wp-json\/wp\/v2\/product\/19236","targetHints":{"allow":["GET"]}}],"collection":[{"href":"https:\/\/tzurigueta.com\/fr\/wp-json\/wp\/v2\/product"}],"about":[{"href":"https:\/\/tzurigueta.com\/fr\/wp-json\/wp\/v2\/types\/product"}],"wp:featuredmedia":[{"embeddable":true,"href":"https:\/\/tzurigueta.com\/fr\/wp-json\/wp\/v2\/media\/19076"}],"wp:attachment":[{"href":"https:\/\/tzurigueta.com\/fr\/wp-json\/wp\/v2\/media?parent=19236"}],"wp:term":[{"taxonomy":"product_brand","embeddable":true,"href":"https:\/\/tzurigueta.com\/fr\/wp-json\/wp\/v2\/product_brand?post=19236"},{"taxonomy":"product_cat","embeddable":true,"href":"https:\/\/tzurigueta.com\/fr\/wp-json\/wp\/v2\/product_cat?post=19236"},{"taxonomy":"product_tag","embeddable":true,"href":"https:\/\/tzurigueta.com\/fr\/wp-json\/wp\/v2\/product_tag?post=19236"}],"curies":[{"name":"wp","href":"https:\/\/api.w.org\/{rel}","templated":true}]}}