{"id":20201,"date":"2025-10-17T17:03:52","date_gmt":"2025-10-17T15:03:52","guid":{"rendered":"https:\/\/tzurigueta.com\/product\/tour-de-cou-onde\/"},"modified":"2025-10-23T12:47:47","modified_gmt":"2025-10-23T10:47:47","slug":"tour-de-cou-onde","status":"publish","type":"product","link":"https:\/\/tzurigueta.com\/fr\/produit\/tour-de-cou-onde\/","title":{"rendered":"Tour de cou Onde"},"content":{"rendered":"<ul>\n<li>Nos pi\u00e8ces \u00e9tant fabriqu\u00e9es \u00e0 la main, il peut y avoir de l\u00e9g\u00e8res diff\u00e9rences entre les visuels pr\u00e9sent\u00e9s ici et sur le bijou envoy\u00e9.<\/li>\n<li>Longueur approximative du diam\u00e8tre ext\u00e9rieur : La taille S est de 16 cm, la taille M est de 17,7 cm et la taille L est de 19,2 cm.<\/li>\n<li>Syst\u00e8me de fermeture : aimant<\/li>\n<li>Composition : 80% silicone et 20% viscose<\/li>\n<li>Fabriqu\u00e9 en France<\/li>\n<\/ul>\n","protected":false},"excerpt":{"rendered":"<p>Nos pi\u00e8ces \u00e9tant fabriqu\u00e9es \u00e0 la main, il peut y avoir de l\u00e9g\u00e8res diff\u00e9rences entre les visuels pr\u00e9sent\u00e9s ici et sur le bijou envoy\u00e9. Longueur approximative du diam\u00e8tre ext\u00e9rieur : La taille S est de 16 cm, la taille M est de 17,7 cm et la taille L est de 19,2 cm. Syst\u00e8me de fermeture [&#8230;]\n","protected":false},"featured_media":19926,"template":"","meta":[],"product_brand":[],"product_cat":[762,348,399],"product_tag":[],"class_list":{"0":"post-20201","1":"product","2":"type-product","3":"status-publish","4":"has-post-thumbnail","6":"product_cat-algue-fr","7":"product_cat-nouvelles-collections","8":"product_cat-tours-du-cou","10":"first","11":"instock","12":"taxable","13":"shipping-taxable","14":"purchasable","15":"product-type-variable"},"_links":{"self":[{"href":"https:\/\/tzurigueta.com\/fr\/wp-json\/wp\/v2\/product\/20201","targetHints":{"allow":["GET"]}}],"collection":[{"href":"https:\/\/tzurigueta.com\/fr\/wp-json\/wp\/v2\/product"}],"about":[{"href":"https:\/\/tzurigueta.com\/fr\/wp-json\/wp\/v2\/types\/product"}],"wp:featuredmedia":[{"embeddable":true,"href":"https:\/\/tzurigueta.com\/fr\/wp-json\/wp\/v2\/media\/19926"}],"wp:attachment":[{"href":"https:\/\/tzurigueta.com\/fr\/wp-json\/wp\/v2\/media?parent=20201"}],"wp:term":[{"taxonomy":"product_brand","embeddable":true,"href":"https:\/\/tzurigueta.com\/fr\/wp-json\/wp\/v2\/product_brand?post=20201"},{"taxonomy":"product_cat","embeddable":true,"href":"https:\/\/tzurigueta.com\/fr\/wp-json\/wp\/v2\/product_cat?post=20201"},{"taxonomy":"product_tag","embeddable":true,"href":"https:\/\/tzurigueta.com\/fr\/wp-json\/wp\/v2\/product_tag?post=20201"}],"curies":[{"name":"wp","href":"https:\/\/api.w.org\/{rel}","templated":true}]}}