{"id":20252,"date":"2025-10-17T16:20:52","date_gmt":"2025-10-17T14:20:52","guid":{"rendered":"https:\/\/tzurigueta.com\/product\/bague-onde\/"},"modified":"2025-10-23T14:24:19","modified_gmt":"2025-10-23T12:24:19","slug":"bague-onde","status":"publish","type":"product","link":"https:\/\/tzurigueta.com\/fr\/produit\/bague-onde\/","title":{"rendered":"Bague Onde"},"content":{"rendered":"<ul>\n<li>Nos pi\u00e8ces \u00e9tant fabriqu\u00e9es \u00e0 la main, il peut y avoir de l\u00e9g\u00e8res diff\u00e9rences entre les visuels pr\u00e9sent\u00e9s ici et sur le bijou envoy\u00e9.<\/li>\n<li>La taille 54 correspond \u00e0 un S, la taille 56 \u00e0 un M et la taille 58 \u00e0 un L.<\/li>\n<li>Composition : Silicone 95%, Textile 5%<\/li>\n<li>Fabriqu\u00e9 \u00e0 la main \u00e0 Paris &#8211; France<\/li>\n<\/ul>\n","protected":false},"excerpt":{"rendered":"<p>Les cr\u00e9ations Onde trouvent leur inspiration dans l\u2019algue verte qui, en s\u2019\u00e9chouant sur le rivage, se tord d\u00e9licatement en une spirale organique.<\/p>\n","protected":false},"featured_media":19913,"template":"","meta":[],"product_brand":[],"product_cat":[762,393],"product_tag":[],"class_list":{"0":"post-20252","1":"product","2":"type-product","3":"status-publish","4":"has-post-thumbnail","6":"product_cat-algue-fr","7":"product_cat-bagues","9":"first","10":"instock","11":"taxable","12":"shipping-taxable","13":"purchasable","14":"product-type-variable"},"_links":{"self":[{"href":"https:\/\/tzurigueta.com\/fr\/wp-json\/wp\/v2\/product\/20252","targetHints":{"allow":["GET"]}}],"collection":[{"href":"https:\/\/tzurigueta.com\/fr\/wp-json\/wp\/v2\/product"}],"about":[{"href":"https:\/\/tzurigueta.com\/fr\/wp-json\/wp\/v2\/types\/product"}],"wp:featuredmedia":[{"embeddable":true,"href":"https:\/\/tzurigueta.com\/fr\/wp-json\/wp\/v2\/media\/19913"}],"wp:attachment":[{"href":"https:\/\/tzurigueta.com\/fr\/wp-json\/wp\/v2\/media?parent=20252"}],"wp:term":[{"taxonomy":"product_brand","embeddable":true,"href":"https:\/\/tzurigueta.com\/fr\/wp-json\/wp\/v2\/product_brand?post=20252"},{"taxonomy":"product_cat","embeddable":true,"href":"https:\/\/tzurigueta.com\/fr\/wp-json\/wp\/v2\/product_cat?post=20252"},{"taxonomy":"product_tag","embeddable":true,"href":"https:\/\/tzurigueta.com\/fr\/wp-json\/wp\/v2\/product_tag?post=20252"}],"curies":[{"name":"wp","href":"https:\/\/api.w.org\/{rel}","templated":true}]}}