{"id":20283,"date":"2025-10-17T16:46:40","date_gmt":"2025-10-17T14:46:40","guid":{"rendered":"https:\/\/tzurigueta.com\/product\/bracelet-glimmer\/"},"modified":"2025-10-23T17:09:14","modified_gmt":"2025-10-23T15:09:14","slug":"bracelet-glimmer","status":"publish","type":"product","link":"https:\/\/tzurigueta.com\/fr\/produit\/bracelet-glimmer\/","title":{"rendered":"Bracelet Glimmer"},"content":{"rendered":"<ul>\n<li>Nos pi\u00e8ces \u00e9tant fabriqu\u00e9es \u00e0 la main, il peut y avoir de l\u00e9g\u00e8res diff\u00e9rences entre les visuels pr\u00e9sent\u00e9s ici et sur le bijou envoy\u00e9.<\/li>\n<li>Longueur approximative : La taille S correspond \u00e0 5,2 cm, la taille M \u00e0 5,8 cm et la taille L \u00e0 6,4 cm de diam\u00e8tre.<\/li>\n<li>Syst\u00e8me de fermeture : aimant<\/li>\n<li>Composition : Silicone 95%, Textile 5%<\/li>\n<li>Fabriqu\u00e9 \u00e0 la main \u00e0 Paris &#8211; France<\/li>\n<\/ul>\n","protected":false},"excerpt":{"rendered":"<p>Les cr\u00e9ations Glimmer s\u2019inspirent des algues textur\u00e9es, dont l\u2019\u00e9clat capte la lumi\u00e8re et attire le regard.<\/p>\n","protected":false},"featured_media":19943,"template":"","meta":[],"product_brand":[],"product_cat":[762,333],"product_tag":[],"class_list":{"0":"post-20283","1":"product","2":"type-product","3":"status-publish","4":"has-post-thumbnail","6":"product_cat-algue-fr","7":"product_cat-bracelets-fr","9":"first","10":"instock","11":"taxable","12":"shipping-taxable","13":"purchasable","14":"product-type-variable"},"_links":{"self":[{"href":"https:\/\/tzurigueta.com\/fr\/wp-json\/wp\/v2\/product\/20283","targetHints":{"allow":["GET"]}}],"collection":[{"href":"https:\/\/tzurigueta.com\/fr\/wp-json\/wp\/v2\/product"}],"about":[{"href":"https:\/\/tzurigueta.com\/fr\/wp-json\/wp\/v2\/types\/product"}],"wp:featuredmedia":[{"embeddable":true,"href":"https:\/\/tzurigueta.com\/fr\/wp-json\/wp\/v2\/media\/19943"}],"wp:attachment":[{"href":"https:\/\/tzurigueta.com\/fr\/wp-json\/wp\/v2\/media?parent=20283"}],"wp:term":[{"taxonomy":"product_brand","embeddable":true,"href":"https:\/\/tzurigueta.com\/fr\/wp-json\/wp\/v2\/product_brand?post=20283"},{"taxonomy":"product_cat","embeddable":true,"href":"https:\/\/tzurigueta.com\/fr\/wp-json\/wp\/v2\/product_cat?post=20283"},{"taxonomy":"product_tag","embeddable":true,"href":"https:\/\/tzurigueta.com\/fr\/wp-json\/wp\/v2\/product_tag?post=20283"}],"curies":[{"name":"wp","href":"https:\/\/api.w.org\/{rel}","templated":true}]}}