{"id":20790,"date":"2024-12-02T12:12:23","date_gmt":"2024-12-02T11:12:23","guid":{"rendered":"https:\/\/tzurigueta.com\/product\/bracelet-tahora-bleu\/"},"modified":"2024-12-02T12:12:23","modified_gmt":"2024-12-02T11:12:23","slug":"bracelet-tahora-bleu","status":"publish","type":"product","link":"https:\/\/tzurigueta.com\/fr\/produit\/bracelet-tahora-bleu\/","title":{"rendered":"Bracelet Tahora bleu"},"content":{"rendered":"<ul>\n<li>La fabrication manuelle implique potentiellement de l\u00e9g\u00e8res diff\u00e9rences entre les visuels pr\u00e9sent\u00e9s et les bijoux livr\u00e9s.<\/li>\n<li>Syst\u00e8me de fermeture : Aimant<\/li>\n<li>Taille : S<\/li>\n<li>Composition : 80% silicone et 20% viscose<\/li>\n<li>Fabriqu\u00e9 en France<\/li>\n<\/ul>\n","protected":false},"excerpt":{"rendered":"<p>La fabrication manuelle implique potentiellement de l\u00e9g\u00e8res diff\u00e9rences entre les visuels pr\u00e9sent\u00e9s et les bijoux livr\u00e9s. Syst\u00e8me de fermeture : Aimant Taille : S Composition : 80% silicone et 20% viscose Fabriqu\u00e9 en France<\/p>\n","protected":false},"featured_media":19402,"template":"","meta":[],"product_brand":[],"product_cat":[634,587],"product_tag":[],"class_list":{"0":"post-20790","1":"product","2":"type-product","3":"status-publish","4":"has-post-thumbnail","6":"product_cat-bijoux","7":"product_cat-fin-de-serie","9":"first","10":"instock","11":"sale","12":"taxable","13":"shipping-taxable","14":"purchasable","15":"product-type-simple"},"_links":{"self":[{"href":"https:\/\/tzurigueta.com\/fr\/wp-json\/wp\/v2\/product\/20790","targetHints":{"allow":["GET"]}}],"collection":[{"href":"https:\/\/tzurigueta.com\/fr\/wp-json\/wp\/v2\/product"}],"about":[{"href":"https:\/\/tzurigueta.com\/fr\/wp-json\/wp\/v2\/types\/product"}],"wp:featuredmedia":[{"embeddable":true,"href":"https:\/\/tzurigueta.com\/fr\/wp-json\/wp\/v2\/media\/19402"}],"wp:attachment":[{"href":"https:\/\/tzurigueta.com\/fr\/wp-json\/wp\/v2\/media?parent=20790"}],"wp:term":[{"taxonomy":"product_brand","embeddable":true,"href":"https:\/\/tzurigueta.com\/fr\/wp-json\/wp\/v2\/product_brand?post=20790"},{"taxonomy":"product_cat","embeddable":true,"href":"https:\/\/tzurigueta.com\/fr\/wp-json\/wp\/v2\/product_cat?post=20790"},{"taxonomy":"product_tag","embeddable":true,"href":"https:\/\/tzurigueta.com\/fr\/wp-json\/wp\/v2\/product_tag?post=20790"}],"curies":[{"name":"wp","href":"https:\/\/api.w.org\/{rel}","templated":true}]}}