{"id":20846,"date":"2024-01-18T12:58:11","date_gmt":"2024-01-18T11:58:11","guid":{"rendered":"https:\/\/tzurigueta.com\/product\/pochette-ecorce-4\/"},"modified":"2024-01-18T12:58:11","modified_gmt":"2024-01-18T11:58:11","slug":"pochette-ecorce-4","status":"publish","type":"product","link":"https:\/\/tzurigueta.com\/fr\/produit\/pochette-ecorce-4\/","title":{"rendered":"Pochette Ecorce 4"},"content":{"rendered":"<ul>\n<li style=\"list-style-type: none\">\n<ul>\n<li>Composition : R\u00e9sine de silicium 75%, textile 15%.<\/li>\n<li>Fixation : Aimant<\/li>\n<li>Fait \u00e0 la main \u00e0 Paris &#8211; France<\/li>\n<\/ul>\n<\/li>\n<\/ul>\n","protected":false},"excerpt":{"rendered":"<p>Composition : R\u00e9sine de silicium 75%, textile 15%. Fixation : Aimant Fait \u00e0 la main \u00e0 Paris &#8211; France<\/p>\n","protected":false},"featured_media":16771,"template":"","meta":[],"product_brand":[],"product_cat":[587,707],"product_tag":[],"class_list":{"0":"post-20846","1":"product","2":"type-product","3":"status-publish","4":"has-post-thumbnail","6":"product_cat-fin-de-serie","7":"product_cat-sacs-fr","9":"first","10":"instock","11":"sale","12":"taxable","13":"shipping-taxable","14":"purchasable","15":"product-type-simple"},"_links":{"self":[{"href":"https:\/\/tzurigueta.com\/fr\/wp-json\/wp\/v2\/product\/20846","targetHints":{"allow":["GET"]}}],"collection":[{"href":"https:\/\/tzurigueta.com\/fr\/wp-json\/wp\/v2\/product"}],"about":[{"href":"https:\/\/tzurigueta.com\/fr\/wp-json\/wp\/v2\/types\/product"}],"wp:featuredmedia":[{"embeddable":true,"href":"https:\/\/tzurigueta.com\/fr\/wp-json\/wp\/v2\/media\/16771"}],"wp:attachment":[{"href":"https:\/\/tzurigueta.com\/fr\/wp-json\/wp\/v2\/media?parent=20846"}],"wp:term":[{"taxonomy":"product_brand","embeddable":true,"href":"https:\/\/tzurigueta.com\/fr\/wp-json\/wp\/v2\/product_brand?post=20846"},{"taxonomy":"product_cat","embeddable":true,"href":"https:\/\/tzurigueta.com\/fr\/wp-json\/wp\/v2\/product_cat?post=20846"},{"taxonomy":"product_tag","embeddable":true,"href":"https:\/\/tzurigueta.com\/fr\/wp-json\/wp\/v2\/product_tag?post=20846"}],"curies":[{"name":"wp","href":"https:\/\/api.w.org\/{rel}","templated":true}]}}