{"id":6596,"date":"2021-08-30T09:28:24","date_gmt":"2021-08-30T09:28:24","guid":{"rendered":"https:\/\/tzurigueta.com\/product\/cascade-bracelet\/"},"modified":"2026-04-27T16:37:09","modified_gmt":"2026-04-27T14:37:09","slug":"bracelet-cascade","status":"publish","type":"product","link":"https:\/\/tzurigueta.com\/fr\/produit\/bracelet-cascade\/","title":{"rendered":"Bracelet Cascade"},"content":{"rendered":"<ul>\n<li>La fabrication manuelle implique potentiellement de l\u00e9g\u00e8res diff\u00e9rences entre les visuels pr\u00e9sent\u00e9s et le bijou livr\u00e9<\/li>\n<li>Longueur approximative: Taille unique<\/li>\n<li>Syst\u00e8me de fermeture: Fil \u00e0 m\u00e9moire de forme<\/li>\n<li>Composition: Silicone 95%, Textile 5%<\/li>\n<li>Fait \u00e0 la main \u00e0 Paris &#8211; France<\/li>\n<\/ul>\n","protected":false},"excerpt":{"rendered":"<p>CASCADE rayonne et souligne la silhouette de mani\u00e8re \u00e9l\u00e9gante et naturelle. Il repr\u00e9sente l\u2019\u00e9quilibre de la force de l\u2019eau recouvrant un obstacle ou entourant d\u00e9licatement la roche.<\/p>\n","protected":false},"featured_media":11818,"template":"","meta":[],"product_brand":[],"product_cat":[333,373],"product_tag":[],"class_list":{"0":"post-6596","1":"product","2":"type-product","3":"status-publish","4":"has-post-thumbnail","6":"product_cat-bracelets-fr","7":"product_cat-cascade-fr","9":"first","10":"instock","11":"taxable","12":"shipping-taxable","13":"purchasable","14":"product-type-variable"},"_links":{"self":[{"href":"https:\/\/tzurigueta.com\/fr\/wp-json\/wp\/v2\/product\/6596","targetHints":{"allow":["GET"]}}],"collection":[{"href":"https:\/\/tzurigueta.com\/fr\/wp-json\/wp\/v2\/product"}],"about":[{"href":"https:\/\/tzurigueta.com\/fr\/wp-json\/wp\/v2\/types\/product"}],"wp:featuredmedia":[{"embeddable":true,"href":"https:\/\/tzurigueta.com\/fr\/wp-json\/wp\/v2\/media\/11818"}],"wp:attachment":[{"href":"https:\/\/tzurigueta.com\/fr\/wp-json\/wp\/v2\/media?parent=6596"}],"wp:term":[{"taxonomy":"product_brand","embeddable":true,"href":"https:\/\/tzurigueta.com\/fr\/wp-json\/wp\/v2\/product_brand?post=6596"},{"taxonomy":"product_cat","embeddable":true,"href":"https:\/\/tzurigueta.com\/fr\/wp-json\/wp\/v2\/product_cat?post=6596"},{"taxonomy":"product_tag","embeddable":true,"href":"https:\/\/tzurigueta.com\/fr\/wp-json\/wp\/v2\/product_tag?post=6596"}],"curies":[{"name":"wp","href":"https:\/\/api.w.org\/{rel}","templated":true}]}}