{"id":6861,"date":"2021-08-27T07:49:31","date_gmt":"2021-08-27T07:49:31","guid":{"rendered":"https:\/\/tzurigueta.com\/product\/flotendo-choker\/"},"modified":"2026-04-27T16:48:27","modified_gmt":"2026-04-27T14:48:27","slug":"tour-de-cou-flotendo","status":"publish","type":"product","link":"https:\/\/tzurigueta.com\/fr\/produit\/tour-de-cou-flotendo\/","title":{"rendered":"Tour de cou Flotendo"},"content":{"rendered":"<ul>\n<li>La fabrication manuelle implique potentiellement de l\u00e9g\u00e8res diff\u00e9rences entre les visuels pr\u00e9sent\u00e9s et le bijou livr\u00e9.<\/li>\n<li>Longueur approximative du diam\u00e8tre ext\u00e9rieur : La taille S correspond \u00e0 un 16 cm en ext\u00e9rieur, la taille M \u00e0 un 17,7cm en ext\u00e9rieur et la taille L \u00e0 un 19,2cm<\/li>\n<li>Syst\u00e8me de fermeture : Accroche<\/li>\n<li>Composition: Silicone 95%, Textile 5%<\/li>\n<li>Fait \u00e0 la main \u00e0 Paris \u2013 France<\/li>\n<\/ul>\n","protected":false},"excerpt":{"rendered":"<p>FLOTENDO, un bijou qui bouge comme des vagues le long de votre corps.<\/p>\n","protected":false},"featured_media":5920,"template":"","meta":[],"product_brand":[],"product_cat":[370,399],"product_tag":[],"class_list":{"0":"post-6861","1":"product","2":"type-product","3":"status-publish","4":"has-post-thumbnail","6":"product_cat-flotendo-fr","7":"product_cat-tours-du-cou","9":"first","10":"instock","11":"taxable","12":"shipping-taxable","13":"purchasable","14":"product-type-variable","15":"has-default-attributes"},"_links":{"self":[{"href":"https:\/\/tzurigueta.com\/fr\/wp-json\/wp\/v2\/product\/6861","targetHints":{"allow":["GET"]}}],"collection":[{"href":"https:\/\/tzurigueta.com\/fr\/wp-json\/wp\/v2\/product"}],"about":[{"href":"https:\/\/tzurigueta.com\/fr\/wp-json\/wp\/v2\/types\/product"}],"wp:featuredmedia":[{"embeddable":true,"href":"https:\/\/tzurigueta.com\/fr\/wp-json\/wp\/v2\/media\/5920"}],"wp:attachment":[{"href":"https:\/\/tzurigueta.com\/fr\/wp-json\/wp\/v2\/media?parent=6861"}],"wp:term":[{"taxonomy":"product_brand","embeddable":true,"href":"https:\/\/tzurigueta.com\/fr\/wp-json\/wp\/v2\/product_brand?post=6861"},{"taxonomy":"product_cat","embeddable":true,"href":"https:\/\/tzurigueta.com\/fr\/wp-json\/wp\/v2\/product_cat?post=6861"},{"taxonomy":"product_tag","embeddable":true,"href":"https:\/\/tzurigueta.com\/fr\/wp-json\/wp\/v2\/product_tag?post=6861"}],"curies":[{"name":"wp","href":"https:\/\/api.w.org\/{rel}","templated":true}]}}