{"id":6993,"date":"2021-08-17T09:25:39","date_gmt":"2021-08-17T09:25:39","guid":{"rendered":"https:\/\/tzurigueta.com\/product\/bamboo-cascade-pendant-necklace\/"},"modified":"2026-04-27T16:50:34","modified_gmt":"2026-04-27T14:50:34","slug":"pendentif-bamboo-cascade","status":"publish","type":"product","link":"https:\/\/tzurigueta.com\/fr\/produit\/pendentif-bamboo-cascade\/","title":{"rendered":"Pendentif Bamboo Cascade"},"content":{"rendered":"<ul>\n<li>La fabrication manuelle implique potentiellement de l\u00e9g\u00e8res diff\u00e9rences entre les visuels pr\u00e9sent\u00e9s et le bijou livr\u00e9.<\/li>\n<li>Syst\u00e8me de fermeture : Aucun<\/li>\n<li>Composition: Silicone 95%, Textile 5%<\/li>\n<li>Fait \u00e0 la main \u00e0 Paris \u2013 France<\/li>\n<\/ul>\n","protected":false},"excerpt":{"rendered":"<p>L&rsquo;inspiration de BAMBOU est venue d&rsquo;un voyage en Asie o\u00f9 j&rsquo;ai d\u00e9couvert les propri\u00e9t\u00e9s surprenantes de cette plante impressionnante.<\/p>\n","protected":false},"featured_media":5814,"template":"","meta":[],"product_brand":[],"product_cat":[350,398],"product_tag":[],"class_list":{"0":"post-6993","1":"product","2":"type-product","3":"status-publish","4":"has-post-thumbnail","6":"product_cat-bamboo-fr","7":"product_cat-pendentifs","9":"first","10":"instock","11":"taxable","12":"shipping-taxable","13":"purchasable","14":"product-type-variable"},"_links":{"self":[{"href":"https:\/\/tzurigueta.com\/fr\/wp-json\/wp\/v2\/product\/6993","targetHints":{"allow":["GET"]}}],"collection":[{"href":"https:\/\/tzurigueta.com\/fr\/wp-json\/wp\/v2\/product"}],"about":[{"href":"https:\/\/tzurigueta.com\/fr\/wp-json\/wp\/v2\/types\/product"}],"wp:featuredmedia":[{"embeddable":true,"href":"https:\/\/tzurigueta.com\/fr\/wp-json\/wp\/v2\/media\/5814"}],"wp:attachment":[{"href":"https:\/\/tzurigueta.com\/fr\/wp-json\/wp\/v2\/media?parent=6993"}],"wp:term":[{"taxonomy":"product_brand","embeddable":true,"href":"https:\/\/tzurigueta.com\/fr\/wp-json\/wp\/v2\/product_brand?post=6993"},{"taxonomy":"product_cat","embeddable":true,"href":"https:\/\/tzurigueta.com\/fr\/wp-json\/wp\/v2\/product_cat?post=6993"},{"taxonomy":"product_tag","embeddable":true,"href":"https:\/\/tzurigueta.com\/fr\/wp-json\/wp\/v2\/product_tag?post=6993"}],"curies":[{"name":"wp","href":"https:\/\/api.w.org\/{rel}","templated":true}]}}