{"id":7362,"date":"2021-08-02T08:45:41","date_gmt":"2021-08-02T08:45:41","guid":{"rendered":"https:\/\/tzurigueta.com\/product\/boule-simple-sautoir-necklace\/"},"modified":"2026-04-27T16:57:47","modified_gmt":"2026-04-27T14:57:47","slug":"sautoir-simple","status":"publish","type":"product","link":"https:\/\/tzurigueta.com\/fr\/produit\/sautoir-simple\/","title":{"rendered":"Sautoir simple"},"content":{"rendered":"<ul>\n<li>La fabrication manuelle implique potentiellement de l\u00e9g\u00e8res diff\u00e9rences entre les visuels pr\u00e9sent\u00e9s et le bijou livr\u00e9.<\/li>\n<li>Syst\u00e8me de fermeture : Aucun<\/li>\n<li>Composition: Silicone 95%, Textile 5%<\/li>\n<li>Fait \u00e0 la main \u00e0 Paris \u2013 France<\/li>\n<\/ul>\n","protected":false},"excerpt":{"rendered":"<p>Le sautoir Simple est compos\u00e9 de perles plus petites afin de pouvoir \u00eatre facilement port\u00e9 avec un autre sautoir.<\/p>\n","protected":false},"featured_media":12189,"template":"","meta":[],"product_brand":[],"product_cat":[342,337,402],"product_tag":[],"class_list":{"0":"post-7362","1":"product","2":"type-product","3":"status-publish","4":"has-post-thumbnail","6":"product_cat-best-fr-collections-fr","7":"product_cat-boule-fr","8":"product_cat-sautoirs","10":"first","11":"instock","12":"taxable","13":"shipping-taxable","14":"purchasable","15":"product-type-variable"},"_links":{"self":[{"href":"https:\/\/tzurigueta.com\/fr\/wp-json\/wp\/v2\/product\/7362","targetHints":{"allow":["GET"]}}],"collection":[{"href":"https:\/\/tzurigueta.com\/fr\/wp-json\/wp\/v2\/product"}],"about":[{"href":"https:\/\/tzurigueta.com\/fr\/wp-json\/wp\/v2\/types\/product"}],"wp:featuredmedia":[{"embeddable":true,"href":"https:\/\/tzurigueta.com\/fr\/wp-json\/wp\/v2\/media\/12189"}],"wp:attachment":[{"href":"https:\/\/tzurigueta.com\/fr\/wp-json\/wp\/v2\/media?parent=7362"}],"wp:term":[{"taxonomy":"product_brand","embeddable":true,"href":"https:\/\/tzurigueta.com\/fr\/wp-json\/wp\/v2\/product_brand?post=7362"},{"taxonomy":"product_cat","embeddable":true,"href":"https:\/\/tzurigueta.com\/fr\/wp-json\/wp\/v2\/product_cat?post=7362"},{"taxonomy":"product_tag","embeddable":true,"href":"https:\/\/tzurigueta.com\/fr\/wp-json\/wp\/v2\/product_tag?post=7362"}],"curies":[{"name":"wp","href":"https:\/\/api.w.org\/{rel}","templated":true}]}}