{"id":7432,"date":"2021-07-30T08:35:52","date_gmt":"2021-07-30T06:35:52","guid":{"rendered":"https:\/\/tzurigueta.com\/product\/boule-ring-xl\/"},"modified":"2023-05-17T11:21:27","modified_gmt":"2023-05-17T09:21:27","slug":"bague-boule-xl","status":"publish","type":"product","link":"https:\/\/tzurigueta.com\/fr\/produit\/bague-boule-xl\/","title":{"rendered":"Bague Boule XL"},"content":{"rendered":"<ul>\n<li>La fabrication manuelle implique potentiellement de l\u00e9g\u00e8res diff\u00e9rences entre les visuels pr\u00e9sent\u00e9s et le bijou livr\u00e9.<\/li>\n<li>La taille 54 correspond \u00e0 un S, la taille 56 \u00e0 un M et la taille 58 \u00e0 un L.<\/li>\n<li>Composition: Silicone 95%, Textile 5%<\/li>\n<li>Fait \u00e0 la main \u00e0 Paris \u2013 France<\/li>\n<\/ul>\n","protected":false},"excerpt":{"rendered":"<p>La bague Boule est douce et attire le regard en l&rsquo;invitant \u00e0 la toucher.<\/p>\n","protected":false},"featured_media":11909,"template":"","meta":[],"product_brand":[],"product_cat":[393,342,337],"product_tag":[],"class_list":{"0":"post-7432","1":"product","2":"type-product","3":"status-publish","4":"has-post-thumbnail","6":"product_cat-bagues","7":"product_cat-best-fr-collections-fr","8":"product_cat-boule-fr","10":"first","11":"instock","12":"taxable","13":"shipping-taxable","14":"purchasable","15":"product-type-variable","16":"has-default-attributes"},"_links":{"self":[{"href":"https:\/\/tzurigueta.com\/fr\/wp-json\/wp\/v2\/product\/7432","targetHints":{"allow":["GET"]}}],"collection":[{"href":"https:\/\/tzurigueta.com\/fr\/wp-json\/wp\/v2\/product"}],"about":[{"href":"https:\/\/tzurigueta.com\/fr\/wp-json\/wp\/v2\/types\/product"}],"wp:featuredmedia":[{"embeddable":true,"href":"https:\/\/tzurigueta.com\/fr\/wp-json\/wp\/v2\/media\/11909"}],"wp:attachment":[{"href":"https:\/\/tzurigueta.com\/fr\/wp-json\/wp\/v2\/media?parent=7432"}],"wp:term":[{"taxonomy":"product_brand","embeddable":true,"href":"https:\/\/tzurigueta.com\/fr\/wp-json\/wp\/v2\/product_brand?post=7432"},{"taxonomy":"product_cat","embeddable":true,"href":"https:\/\/tzurigueta.com\/fr\/wp-json\/wp\/v2\/product_cat?post=7432"},{"taxonomy":"product_tag","embeddable":true,"href":"https:\/\/tzurigueta.com\/fr\/wp-json\/wp\/v2\/product_tag?post=7432"}],"curies":[{"name":"wp","href":"https:\/\/api.w.org\/{rel}","templated":true}]}}