{"id":7745,"date":"2021-03-15T21:40:35","date_gmt":"2021-03-15T21:40:35","guid":{"rendered":"https:\/\/tzurigueta.com\/product\/boule-brooch\/"},"modified":"2026-04-27T17:03:09","modified_gmt":"2026-04-27T15:03:09","slug":"broche-boule","status":"publish","type":"product","link":"https:\/\/tzurigueta.com\/fr\/produit\/broche-boule\/","title":{"rendered":"Broche Boule"},"content":{"rendered":"<ul>\n<li>La fabrication manuelle implique potentiellement de l\u00e9g\u00e8res diff\u00e9rences entre les visuels pr\u00e9sent\u00e9s et le bijou livr\u00e9.<\/li>\n<li>Diam\u00e8tre approximative: 6 cm<\/li>\n<li>Syst\u00e8me de fermeture: attache avec s\u00e9curit\u00e9 en Nickel free<\/li>\n<li>Composition: Silicone 95%, Textile 5%<\/li>\n<li>Fait \u00e0 la main \u00e0 Paris \u2013 France<\/li>\n<\/ul>\n","protected":false},"excerpt":{"rendered":"<p>L&rsquo;addict aux broches se doit d&rsquo;avoir la broche BOULE.<\/p>\n","protected":false},"featured_media":11845,"template":"","meta":[],"product_brand":[],"product_cat":[342,337,400,348],"product_tag":[],"class_list":{"0":"post-7745","1":"product","2":"type-product","3":"status-publish","4":"has-post-thumbnail","6":"product_cat-best-fr-collections-fr","7":"product_cat-boule-fr","8":"product_cat-broches","9":"product_cat-nouvelles-collections","11":"first","12":"instock","13":"taxable","14":"shipping-taxable","15":"purchasable","16":"product-type-variable"},"_links":{"self":[{"href":"https:\/\/tzurigueta.com\/fr\/wp-json\/wp\/v2\/product\/7745","targetHints":{"allow":["GET"]}}],"collection":[{"href":"https:\/\/tzurigueta.com\/fr\/wp-json\/wp\/v2\/product"}],"about":[{"href":"https:\/\/tzurigueta.com\/fr\/wp-json\/wp\/v2\/types\/product"}],"wp:featuredmedia":[{"embeddable":true,"href":"https:\/\/tzurigueta.com\/fr\/wp-json\/wp\/v2\/media\/11845"}],"wp:attachment":[{"href":"https:\/\/tzurigueta.com\/fr\/wp-json\/wp\/v2\/media?parent=7745"}],"wp:term":[{"taxonomy":"product_brand","embeddable":true,"href":"https:\/\/tzurigueta.com\/fr\/wp-json\/wp\/v2\/product_brand?post=7745"},{"taxonomy":"product_cat","embeddable":true,"href":"https:\/\/tzurigueta.com\/fr\/wp-json\/wp\/v2\/product_cat?post=7745"},{"taxonomy":"product_tag","embeddable":true,"href":"https:\/\/tzurigueta.com\/fr\/wp-json\/wp\/v2\/product_tag?post=7745"}],"curies":[{"name":"wp","href":"https:\/\/api.w.org\/{rel}","templated":true}]}}