{"id":8031,"date":"2023-06-06T12:29:05","date_gmt":"2023-06-06T10:29:05","guid":{"rendered":"https:\/\/tzurigueta.com\/?post_type=product&#038;p=8031"},"modified":"2026-04-27T16:19:41","modified_gmt":"2026-04-27T14:19:41","slug":"boucles-doreilles-clochette","status":"publish","type":"product","link":"https:\/\/tzurigueta.com\/fr\/produit\/boucles-doreilles-clochette\/","title":{"rendered":"Boucles d&rsquo;oreilles Clochette"},"content":{"rendered":"<ul>\n<li>La fabrication manuelle implique potentiellement de l\u00e9g\u00e8res diff\u00e9rences entre les visuels pr\u00e9sent\u00e9s et le bijou livr\u00e9.<\/li>\n<li>Longueur approximative : 5 cm<\/li>\n<li>Type d\u2019accroche : crochet en argent 925<\/li>\n<li>Composition : 80% silicone et 20% viscose<\/li>\n<li>Made in France<\/li>\n<\/ul>\n","protected":false},"excerpt":{"rendered":"<p>Pr\u00eates \u00e0 r\u00e9sonner au creux de votre oreille, les clochettes rappellent, si on les regarde de plus pr\u00e8s, de petits oursins.Elles s\u2019associent d\u2019ailleurs parfaitement au Bracelet Oursin et \u00e0 la bague Jungle<\/p>\n","protected":false},"featured_media":11875,"template":"","meta":[],"product_brand":[],"product_cat":[394,377],"product_tag":[],"class_list":{"0":"post-8031","1":"product","2":"type-product","3":"status-publish","4":"has-post-thumbnail","6":"product_cat-boucles-doreilles","7":"product_cat-clochette-fr","9":"first","10":"instock","11":"taxable","12":"shipping-taxable","13":"purchasable","14":"product-type-variable"},"_links":{"self":[{"href":"https:\/\/tzurigueta.com\/fr\/wp-json\/wp\/v2\/product\/8031","targetHints":{"allow":["GET"]}}],"collection":[{"href":"https:\/\/tzurigueta.com\/fr\/wp-json\/wp\/v2\/product"}],"about":[{"href":"https:\/\/tzurigueta.com\/fr\/wp-json\/wp\/v2\/types\/product"}],"wp:featuredmedia":[{"embeddable":true,"href":"https:\/\/tzurigueta.com\/fr\/wp-json\/wp\/v2\/media\/11875"}],"wp:attachment":[{"href":"https:\/\/tzurigueta.com\/fr\/wp-json\/wp\/v2\/media?parent=8031"}],"wp:term":[{"taxonomy":"product_brand","embeddable":true,"href":"https:\/\/tzurigueta.com\/fr\/wp-json\/wp\/v2\/product_brand?post=8031"},{"taxonomy":"product_cat","embeddable":true,"href":"https:\/\/tzurigueta.com\/fr\/wp-json\/wp\/v2\/product_cat?post=8031"},{"taxonomy":"product_tag","embeddable":true,"href":"https:\/\/tzurigueta.com\/fr\/wp-json\/wp\/v2\/product_tag?post=8031"}],"curies":[{"name":"wp","href":"https:\/\/api.w.org\/{rel}","templated":true}]}}