{"id":8871,"date":"2023-06-12T16:47:05","date_gmt":"2023-06-12T14:47:05","guid":{"rendered":"https:\/\/tzurigueta.com\/product\/anhame-thin-bracelet\/"},"modified":"2026-04-27T16:18:12","modified_gmt":"2026-04-27T14:18:12","slug":"anhame-thin-bracelet","status":"publish","type":"product","link":"https:\/\/tzurigueta.com\/fr\/produit\/anhame-thin-bracelet\/","title":{"rendered":"Anhame Thin Bracelet"},"content":{"rendered":"<ul>\n<li>La fabrication manuelle implique potentiellement de l\u00e9g\u00e8res diff\u00e9rences entre les visuels pr\u00e9sent\u00e9s et le bijou livr\u00e9.<\/li>\n<li>Longueur approximative: Taille unique \u2013 Hauteur: 4cm<\/li>\n<li>Syst\u00e8me de fermeture: Fil \u00e0 m\u00e9moire de forme<\/li>\n<li>Composition: 80% silicone et 20% viscose<\/li>\n<li>Made in France<\/li>\n<\/ul>\n","protected":false},"excerpt":{"rendered":"<p>La fabrication manuelle implique potentiellement de l\u00e9g\u00e8res diff\u00e9rences entre les visuels pr\u00e9sent\u00e9s et le bijou livr\u00e9. Longueur approximative: Taille unique \u2013 Hauteur: 4cm Syst\u00e8me de fermeture: Fil \u00e0 m\u00e9moire de forme Composition: 80% silicone et 20% viscose Made in France<\/p>\n","protected":false},"featured_media":11796,"template":"","meta":[],"product_brand":[],"product_cat":[381,333],"product_tag":[],"class_list":{"0":"post-8871","1":"product","2":"type-product","3":"status-publish","4":"has-post-thumbnail","6":"product_cat-anahme-fr","7":"product_cat-bracelets-fr","9":"first","10":"instock","11":"taxable","12":"shipping-taxable","13":"purchasable","14":"product-type-variable"},"_links":{"self":[{"href":"https:\/\/tzurigueta.com\/fr\/wp-json\/wp\/v2\/product\/8871","targetHints":{"allow":["GET"]}}],"collection":[{"href":"https:\/\/tzurigueta.com\/fr\/wp-json\/wp\/v2\/product"}],"about":[{"href":"https:\/\/tzurigueta.com\/fr\/wp-json\/wp\/v2\/types\/product"}],"wp:featuredmedia":[{"embeddable":true,"href":"https:\/\/tzurigueta.com\/fr\/wp-json\/wp\/v2\/media\/11796"}],"wp:attachment":[{"href":"https:\/\/tzurigueta.com\/fr\/wp-json\/wp\/v2\/media?parent=8871"}],"wp:term":[{"taxonomy":"product_brand","embeddable":true,"href":"https:\/\/tzurigueta.com\/fr\/wp-json\/wp\/v2\/product_brand?post=8871"},{"taxonomy":"product_cat","embeddable":true,"href":"https:\/\/tzurigueta.com\/fr\/wp-json\/wp\/v2\/product_cat?post=8871"},{"taxonomy":"product_tag","embeddable":true,"href":"https:\/\/tzurigueta.com\/fr\/wp-json\/wp\/v2\/product_tag?post=8871"}],"curies":[{"name":"wp","href":"https:\/\/api.w.org\/{rel}","templated":true}]}}