{"id":9286,"date":"2023-06-15T11:32:49","date_gmt":"2023-06-15T09:32:49","guid":{"rendered":"https:\/\/tzurigueta.com\/product\/oursin-brooch\/"},"modified":"2026-04-27T16:16:48","modified_gmt":"2026-04-27T14:16:48","slug":"broche-oursin","status":"publish","type":"product","link":"https:\/\/tzurigueta.com\/fr\/produit\/broche-oursin\/","title":{"rendered":"Broche Oursin"},"content":{"rendered":"<ul>\n<li>La fabrication manuelle implique potentiellement de l\u00e9g\u00e8res diff\u00e9rences entre les visuels pr\u00e9sent\u00e9s et le bijou livr\u00e9.<\/li>\n<li>Longueur approximative: 6cm<\/li>\n<li>Syst\u00e8me de fermeture: attache avec s\u00e9curit\u00e9 en Nickel Free<\/li>\n<li>Composition: 80% silicone et 20% viscose<\/li>\n<li>Made in France<\/li>\n<\/ul>\n","protected":false},"excerpt":{"rendered":"<p>La broche Oursin rappelle les grands fonds marins. Elle se mariera parfaitement avec le bracelet Oursin et les boucles d\u2019oreilles Oursin<\/p>\n","protected":false},"featured_media":11857,"template":"","meta":[],"product_brand":[],"product_cat":[400,358],"product_tag":[],"class_list":{"0":"post-9286","1":"product","2":"type-product","3":"status-publish","4":"has-post-thumbnail","6":"product_cat-broches","7":"product_cat-oursin-fr","9":"first","10":"instock","11":"taxable","12":"shipping-taxable","13":"purchasable","14":"product-type-variable"},"_links":{"self":[{"href":"https:\/\/tzurigueta.com\/fr\/wp-json\/wp\/v2\/product\/9286","targetHints":{"allow":["GET"]}}],"collection":[{"href":"https:\/\/tzurigueta.com\/fr\/wp-json\/wp\/v2\/product"}],"about":[{"href":"https:\/\/tzurigueta.com\/fr\/wp-json\/wp\/v2\/types\/product"}],"wp:featuredmedia":[{"embeddable":true,"href":"https:\/\/tzurigueta.com\/fr\/wp-json\/wp\/v2\/media\/11857"}],"wp:attachment":[{"href":"https:\/\/tzurigueta.com\/fr\/wp-json\/wp\/v2\/media?parent=9286"}],"wp:term":[{"taxonomy":"product_brand","embeddable":true,"href":"https:\/\/tzurigueta.com\/fr\/wp-json\/wp\/v2\/product_brand?post=9286"},{"taxonomy":"product_cat","embeddable":true,"href":"https:\/\/tzurigueta.com\/fr\/wp-json\/wp\/v2\/product_cat?post=9286"},{"taxonomy":"product_tag","embeddable":true,"href":"https:\/\/tzurigueta.com\/fr\/wp-json\/wp\/v2\/product_tag?post=9286"}],"curies":[{"name":"wp","href":"https:\/\/api.w.org\/{rel}","templated":true}]}}