{"id":9549,"date":"2023-06-15T13:12:22","date_gmt":"2023-06-15T11:12:22","guid":{"rendered":"https:\/\/tzurigueta.com\/product\/jungle-short-necklace\/"},"modified":"2023-06-15T13:13:52","modified_gmt":"2023-06-15T11:13:52","slug":"tour-de-cou-jungle","status":"publish","type":"product","link":"https:\/\/tzurigueta.com\/fr\/produit\/tour-de-cou-jungle\/","title":{"rendered":"Tour de cou Jungle"},"content":{"rendered":"<ul>\n<li>La fabrication manuelle implique potentiellement de l\u00e9g\u00e8res diff\u00e9rences entre les visuels pr\u00e9sent\u00e9s et le bijou livr\u00e9.<\/li>\n<li>Longueur approximative du diam\u00e8tre ext\u00e9rieur : La taille S correspond \u00e0 un 16 cm en ext\u00e9rieur, la taille M \u00e0 un 17,7cm en ext\u00e9rieur et la taille L \u00e0 un 19,2cm<\/li>\n<li>Syst\u00e8me de fermeture : Aimant<\/li>\n<li>Composition: 80% silicone et 20% viscose<\/li>\n<li>Made in France<\/li>\n<\/ul>\n","protected":false},"excerpt":{"rendered":"<p>La fabrication manuelle implique potentiellement de l\u00e9g\u00e8res diff\u00e9rences entre les visuels pr\u00e9sent\u00e9s et le bijou livr\u00e9. Longueur approximative du diam\u00e8tre ext\u00e9rieur : La taille S correspond \u00e0 un 16 cm en ext\u00e9rieur, la taille M \u00e0 un 17,7cm en ext\u00e9rieur et la taille L \u00e0 un 19,2cm Syst\u00e8me de fermeture : Aimant Composition: 80% silicone [&#8230;]\n","protected":false},"featured_media":9547,"template":"","meta":[],"product_brand":[],"product_cat":[374,399],"product_tag":[],"class_list":{"0":"post-9549","1":"product","2":"type-product","3":"status-publish","4":"has-post-thumbnail","6":"product_cat-jungle-fr","7":"product_cat-tours-du-cou","9":"first","10":"instock","11":"taxable","12":"shipping-taxable","13":"purchasable","14":"product-type-variable","15":"has-default-attributes"},"_links":{"self":[{"href":"https:\/\/tzurigueta.com\/fr\/wp-json\/wp\/v2\/product\/9549","targetHints":{"allow":["GET"]}}],"collection":[{"href":"https:\/\/tzurigueta.com\/fr\/wp-json\/wp\/v2\/product"}],"about":[{"href":"https:\/\/tzurigueta.com\/fr\/wp-json\/wp\/v2\/types\/product"}],"wp:featuredmedia":[{"embeddable":true,"href":"https:\/\/tzurigueta.com\/fr\/wp-json\/wp\/v2\/media\/9547"}],"wp:attachment":[{"href":"https:\/\/tzurigueta.com\/fr\/wp-json\/wp\/v2\/media?parent=9549"}],"wp:term":[{"taxonomy":"product_brand","embeddable":true,"href":"https:\/\/tzurigueta.com\/fr\/wp-json\/wp\/v2\/product_brand?post=9549"},{"taxonomy":"product_cat","embeddable":true,"href":"https:\/\/tzurigueta.com\/fr\/wp-json\/wp\/v2\/product_cat?post=9549"},{"taxonomy":"product_tag","embeddable":true,"href":"https:\/\/tzurigueta.com\/fr\/wp-json\/wp\/v2\/product_tag?post=9549"}],"curies":[{"name":"wp","href":"https:\/\/api.w.org\/{rel}","templated":true}]}}